{"id":481,"date":"2020-05-03T12:03:25","date_gmt":"2020-05-03T10:03:25","guid":{"rendered":"https:\/\/lab.i-ssential.de\/idd-brix\/?page_id=481"},"modified":"2023-11-24T08:18:48","modified_gmt":"2023-11-24T07:18:48","slug":"team","status":"publish","type":"page","link":"https:\/\/idd-oliver-brix.de\/en\/team\/","title":{"rendered":"Team"},"content":{"rendered":"\t\t<div data-elementor-type=\"wp-post\" data-elementor-id=\"481\" class=\"elementor elementor-481\">\n\t\t\t\t\t\t<div class=\"elementor-inner\">\n\t\t\t\t<div class=\"elementor-section-wrap\">\n\t\t\t\t\t\t\t\t\t<section class=\"elementor-section elementor-top-section elementor-element elementor-element-5206401f elementor-section-content-middle elementor-section-boxed elementor-section-height-default elementor-section-height-default\" data-id=\"5206401f\" data-element_type=\"section\" data-settings=\"{&quot;background_background&quot;:&quot;classic&quot;}\">\n\t\t\t\t\t\t\t<div class=\"elementor-background-overlay\"><\/div>\n\t\t\t\t\t\t\t<div class=\"elementor-container elementor-column-gap-no\">\n\t\t\t\t\t\t\t<div class=\"elementor-row\">\n\t\t\t\t\t<div class=\"elementor-column elementor-col-100 elementor-top-column elementor-element elementor-element-79a6eccd\" data-id=\"79a6eccd\" data-element_type=\"column\">\n\t\t\t<div class=\"elementor-column-wrap elementor-element-populated\">\n\t\t\t\t\t\t\t<div class=\"elementor-widget-wrap\">\n\t\t\t\t\t\t<div class=\"elementor-element elementor-element-1f56b50a elementor-widget elementor-widget-heading\" data-id=\"1f56b50a\" data-element_type=\"widget\" data-widget_type=\"heading.default\">\n\t\t\t\t<div class=\"elementor-widget-container\">\n\t\t\t<h1 class=\"elementor-heading-title elementor-size-default\">Team<\/h1>\t\t<\/div>\n\t\t\t\t<\/div>\n\t\t\t\t<div class=\"elementor-element elementor-element-8c4a792 elementor-widget-divider--view-line elementor-widget elementor-widget-divider\" data-id=\"8c4a792\" data-element_type=\"widget\" data-widget_type=\"divider.default\">\n\t\t\t\t<div class=\"elementor-widget-container\">\n\t\t\t\t\t<div class=\"elementor-divider\">\n\t\t\t<span class=\"elementor-divider-separator\">\n\t\t\t\t\t\t<\/span>\n\t\t<\/div>\n\t\t\t\t<\/div>\n\t\t\t\t<\/div>\n\t\t\t\t\t\t<\/div>\n\t\t\t\t\t<\/div>\n\t\t<\/div>\n\t\t\t\t\t\t\t\t<\/div>\n\t\t\t\t\t<\/div>\n\t\t<\/section>\n\t\t\t\t<section class=\"elementor-section elementor-top-section elementor-element elementor-element-d88b222 elementor-section-content-middle elementor-section-boxed elementor-section-height-default elementor-section-height-default\" data-id=\"d88b222\" data-element_type=\"section\" data-settings=\"{&quot;background_background&quot;:&quot;classic&quot;}\">\n\t\t\t\t\t\t\t<div class=\"elementor-background-overlay\"><\/div>\n\t\t\t\t\t\t\t<div class=\"elementor-container elementor-column-gap-no\">\n\t\t\t\t\t\t\t<div class=\"elementor-row\">\n\t\t\t\t\t<div class=\"elementor-column elementor-col-100 elementor-top-column elementor-element elementor-element-337e444\" data-id=\"337e444\" data-element_type=\"column\">\n\t\t\t<div class=\"elementor-column-wrap elementor-element-populated\">\n\t\t\t\t\t\t\t<div class=\"elementor-widget-wrap\">\n\t\t\t\t\t\t<div class=\"elementor-element elementor-element-c3be1fc elementor-widget elementor-widget-heading\" data-id=\"c3be1fc\" data-element_type=\"widget\" data-widget_type=\"heading.default\">\n\t\t\t\t<div class=\"elementor-widget-container\">\n\t\t\t<h4 class=\"elementor-heading-title elementor-size-default\">Look forward to \n<\/h4>\t\t<\/div>\n\t\t\t\t<\/div>\n\t\t\t\t<div class=\"elementor-element elementor-element-e89297c elementor-widget elementor-widget-heading\" data-id=\"e89297c\" data-element_type=\"widget\" data-widget_type=\"heading.default\">\n\t\t\t\t<div class=\"elementor-widget-container\">\n\t\t\t<h2 class=\"elementor-heading-title elementor-size-default\">a new, natural smile!<\/h2>\t\t<\/div>\n\t\t\t\t<\/div>\n\t\t\t\t<div class=\"elementor-element elementor-element-08a941c elementor-widget-divider--view-line elementor-widget elementor-widget-divider\" data-id=\"08a941c\" data-element_type=\"widget\" data-widget_type=\"divider.default\">\n\t\t\t\t<div class=\"elementor-widget-container\">\n\t\t\t\t\t<div class=\"elementor-divider\">\n\t\t\t<span class=\"elementor-divider-separator\">\n\t\t\t\t\t\t<\/span>\n\t\t<\/div>\n\t\t\t\t<\/div>\n\t\t\t\t<\/div>\n\t\t\t\t<div class=\"elementor-element elementor-element-4fa493a elementor-widget elementor-widget-text-editor\" data-id=\"4fa493a\" data-element_type=\"widget\" data-widget_type=\"text-editor.default\">\n\t\t\t\t<div class=\"elementor-widget-container\">\n\t\t\t\t\t\t\t\t<div class=\"elementor-text-editor elementor-clearfix\">\n\t\t\t\tOliver Brix und Marie Witt look forward to putting a smile on your face with teeth that look completely natural.\t\t\t\t\t<\/div>\n\t\t\t\t\t\t<\/div>\n\t\t\t\t<\/div>\n\t\t\t\t\t\t<\/div>\n\t\t\t\t\t<\/div>\n\t\t<\/div>\n\t\t\t\t\t\t\t\t<\/div>\n\t\t\t\t\t<\/div>\n\t\t<\/section>\n\t\t\t\t<section class=\"elementor-section elementor-top-section elementor-element elementor-element-43597030 elementor-section-content-middle elementor-section-boxed elementor-section-height-default elementor-section-height-default\" data-id=\"43597030\" data-element_type=\"section\" data-settings=\"{&quot;background_background&quot;:&quot;classic&quot;}\">\n\t\t\t\t\t\t\t<div class=\"elementor-background-overlay\"><\/div>\n\t\t\t\t\t\t\t<div class=\"elementor-container elementor-column-gap-no\">\n\t\t\t\t\t\t\t<div class=\"elementor-row\">\n\t\t\t\t\t<div class=\"elementor-column elementor-col-100 elementor-top-column elementor-element elementor-element-40f9ac2e\" data-id=\"40f9ac2e\" data-element_type=\"column\">\n\t\t\t<div class=\"elementor-column-wrap elementor-element-populated\">\n\t\t\t\t\t\t\t<div class=\"elementor-widget-wrap\">\n\t\t\t\t\t\t<section class=\"elementor-section elementor-inner-section elementor-element elementor-element-430a946a elementor-section-content-top elementor-section-boxed elementor-section-height-default elementor-section-height-default\" data-id=\"430a946a\" data-element_type=\"section\">\n\t\t\t\t\t\t<div class=\"elementor-container elementor-column-gap-no\">\n\t\t\t\t\t\t\t<div class=\"elementor-row\">\n\t\t\t\t\t<div class=\"elementor-column elementor-col-100 elementor-inner-column elementor-element elementor-element-5e774059\" data-id=\"5e774059\" data-element_type=\"column\" data-settings=\"{&quot;background_background&quot;:&quot;classic&quot;}\">\n\t\t\t<div class=\"elementor-column-wrap elementor-element-populated\">\n\t\t\t\t\t\t\t<div class=\"elementor-widget-wrap\">\n\t\t\t\t\t\t<div class=\"elementor-element elementor-element-719c1a0a elementor-widget elementor-widget-image\" data-id=\"719c1a0a\" data-element_type=\"widget\" data-widget_type=\"image.default\">\n\t\t\t\t<div class=\"elementor-widget-container\">\n\t\t\t\t\t\t\t\t<div class=\"elementor-image\">\n\t\t\t\t\t\t\t\t\t\t\t\t<img width=\"1024\" height=\"682\" src=\"https:\/\/idd-oliver-brix.de\/en\/wp-content\/uploads\/2020\/05\/brix.jpg\" class=\"attachment-full size-full\" alt=\"\" loading=\"lazy\" srcset=\"https:\/\/idd-oliver-brix.de\/en\/wp-content\/uploads\/2020\/05\/brix.jpg 1024w, https:\/\/idd-oliver-brix.de\/en\/wp-content\/uploads\/2020\/05\/brix-300x200.jpg 300w, https:\/\/idd-oliver-brix.de\/en\/wp-content\/uploads\/2020\/05\/brix-768x512.jpg 768w\" sizes=\"(max-width: 1024px) 100vw, 1024px\" \/>\t\t\t\t\t\t\t\t\t\t\t\t\t\t<\/div>\n\t\t\t\t\t\t<\/div>\n\t\t\t\t<\/div>\n\t\t\t\t<div class=\"elementor-element elementor-element-3794f8bd elementor-widget elementor-widget-heading\" data-id=\"3794f8bd\" data-element_type=\"widget\" data-widget_type=\"heading.default\">\n\t\t\t\t<div class=\"elementor-widget-container\">\n\t\t\t<h4 class=\"elementor-heading-title elementor-size-default\">Oliver Brix<\/h4>\t\t<\/div>\n\t\t\t\t<\/div>\n\t\t\t\t<div class=\"elementor-element elementor-element-292334d elementor-widget elementor-widget-heading\" data-id=\"292334d\" data-element_type=\"widget\" data-widget_type=\"heading.default\">\n\t\t\t\t<div class=\"elementor-widget-container\">\n\t\t\t<h6 class=\"elementor-heading-title elementor-size-default\">Aesthetics & Cosmetics<\/h6>\t\t<\/div>\n\t\t\t\t<\/div>\n\t\t\t\t<div class=\"elementor-element elementor-element-6d408df elementor-widget elementor-widget-text-editor\" data-id=\"6d408df\" data-element_type=\"widget\" data-widget_type=\"text-editor.default\">\n\t\t\t\t<div class=\"elementor-widget-container\">\n\t\t\t\t\t\t\t\t<div class=\"elementor-text-editor elementor-clearfix\">\n\t\t\t\t<p><a href=\"https:\/\/idd-oliver-brix.de\/en\/wp-content\/uploads\/2020\/05\/Brix_CV.pdf\" target=\"_blank\" rel=\"noopener\">CV Oliver Brix (PDF)<\/a><\/p>\t\t\t\t\t<\/div>\n\t\t\t\t\t\t<\/div>\n\t\t\t\t<\/div>\n\t\t\t\t<div class=\"elementor-element elementor-element-3e4a500 elementor-widget-divider--view-line elementor-widget elementor-widget-divider\" data-id=\"3e4a500\" data-element_type=\"widget\" data-widget_type=\"divider.default\">\n\t\t\t\t<div class=\"elementor-widget-container\">\n\t\t\t\t\t<div class=\"elementor-divider\">\n\t\t\t<span class=\"elementor-divider-separator\">\n\t\t\t\t\t\t<\/span>\n\t\t<\/div>\n\t\t\t\t<\/div>\n\t\t\t\t<\/div>\n\t\t\t\t<div class=\"elementor-element elementor-element-9f069b6 elementor-widget elementor-widget-text-editor\" data-id=\"9f069b6\" data-element_type=\"widget\" data-widget_type=\"text-editor.default\">\n\t\t\t\t<div class=\"elementor-widget-container\">\n\t\t\t\t\t\t\t\t<div class=\"elementor-text-editor elementor-clearfix\">\n\t\t\t\t<table>\n<tbody>\n<tr>\n<td>1985\u20121989<\/td>\n<td>\tTrained as a dental technician<\/td>\n<\/tr>\n<tr>\n<td>1989\u20122001<\/td>\n<td>Worked in various dental laboratories and dental practices Specialization in the fields of:<br>\nAesthetics and function<br>\nAll-ceramics and veneers<br>\nBiomechanical occlusal design<br>\nImplantology<\/td>\n<\/tr>\n<tr>\n<td>1990\u20122000<\/td>\n<td>Participation in numerous vocational training courses both in Germany and abroad<\/td>\n<\/tr>\n<tr>\n<td>Since 1993<\/td>\n<td>Participation in numerous vocational training courses both in Germany and abroad<\/td>\n<\/tr>\n<tr>\n<td>2001<\/td>\n<td>Authored the specialist publication \u201cFundamentals of Esthetics\u201d<\/td>\n<\/tr>\n<tr>\n<td>2002<\/td>\n<td>Established innovative dentaldesign<\/td>\n<\/tr>\n<tr>\n<td>2013<\/td>\n<td>Authored the specialist publication \u201eFaszination Vollkeramik\u201c<\/td>\n<\/tr>\n<tr>\n<td>2020<\/td>\n<td>Innovative Dentaldesign Brix<br><\/td>\n<\/tr>\n<\/tbody>\n<\/table>\t\t\t\t\t<\/div>\n\t\t\t\t\t\t<\/div>\n\t\t\t\t<\/div>\n\t\t\t\t<div class=\"elementor-element elementor-element-5926b07 elementor-widget elementor-widget-text-editor\" data-id=\"5926b07\" data-element_type=\"widget\" data-widget_type=\"text-editor.default\">\n\t\t\t\t<div class=\"elementor-widget-container\">\n\t\t\t\t\t\t\t\t<div class=\"elementor-text-editor elementor-clearfix\">\n\t\t\t\t<p><img loading=\"lazy\" class=\"size-full wp-image-490 alignleft\" src=\"https:\/\/idd-oliver-brix.de\/en\/wp-content\/uploads\/2020\/05\/buchtitel.jpg\" alt=\"\" width=\"133\" height=\"187\" \/>Seit \u00fcber 20 Jahren ist Oliver Brix ein gefragter internationaler Referent zu den Themen dentale \u00c4sthetik und Kosmetik. Er ist au\u00dferdem Autor des Buchs \u201eFaszination der Vollkeramik\u201c, das in 10 Sprachen weltweit publiziert wurde. Zu seinen weiteren Aufgaben, geh\u00f6rt die Entwicklung und Beratung f\u00fcr die Dental-Industrie.<\/p>\t\t\t\t\t<\/div>\n\t\t\t\t\t\t<\/div>\n\t\t\t\t<\/div>\n\t\t\t\t\t\t<\/div>\n\t\t\t\t\t<\/div>\n\t\t<\/div>\n\t\t\t\t\t\t\t\t<\/div>\n\t\t\t\t\t<\/div>\n\t\t<\/section>\n\t\t\t\t\t\t<\/div>\n\t\t\t\t\t<\/div>\n\t\t<\/div>\n\t\t\t\t\t\t\t\t<\/div>\n\t\t\t\t\t<\/div>\n\t\t<\/section>\n\t\t\t\t\t\t\t\t\t<\/div>\n\t\t\t<\/div>\n\t\t\t\t\t<\/div>\n\t\t","protected":false},"excerpt":{"rendered":"<p>Team Look forward to a new, natural smile! Oliver Brix und Marie Witt look forward to putting a smile on your face with teeth that look completely natural. Oliver Brix Aesthetics &#038; Cosmetics CV Oliver Brix (PDF) 1985\u20121989 Trained as a dental technician 1989\u20122001 Worked in various dental laboratories and dental practices Specialization in the [&hellip;]<\/p>\n","protected":false},"author":1,"featured_media":0,"parent":0,"menu_order":0,"comment_status":"closed","ping_status":"closed","template":"","meta":[],"yoast_head":"<!-- This site is optimized with the Yoast SEO plugin v18.5.1 - https:\/\/yoast.com\/wordpress\/plugins\/seo\/ -->\n<title>Team - Innovative Dentaldesign Oliver Brix<\/title>\n<meta name=\"robots\" content=\"index, follow, max-snippet:-1, max-image-preview:large, max-video-preview:-1\" \/>\n<link rel=\"canonical\" href=\"https:\/\/idd-oliver-brix.de\/en\/team\/\" \/>\n<meta property=\"og:locale\" content=\"de_DE\" \/>\n<meta property=\"og:type\" content=\"article\" \/>\n<meta property=\"og:title\" content=\"Team - Innovative Dentaldesign Oliver Brix\" \/>\n<meta property=\"og:description\" content=\"Team Look forward to a new, natural smile! Oliver Brix und Marie Witt look forward to putting a smile on your face with teeth that look completely natural. Oliver Brix Aesthetics &#038; Cosmetics CV Oliver Brix (PDF) 1985\u20121989 Trained as a dental technician 1989\u20122001 Worked in various dental laboratories and dental practices Specialization in the [&hellip;]\" \/>\n<meta property=\"og:url\" content=\"https:\/\/idd-oliver-brix.de\/en\/team\/\" \/>\n<meta property=\"og:site_name\" content=\"Innovative Dentaldesign Oliver Brix\" \/>\n<meta property=\"article:modified_time\" content=\"2023-11-24T07:18:48+00:00\" \/>\n<meta property=\"og:image\" content=\"https:\/\/idd-oliver-brix.de\/en\/wp-content\/uploads\/2020\/05\/brix.jpg\" \/>\n<meta name=\"twitter:card\" content=\"summary_large_image\" \/>\n<meta name=\"twitter:label1\" content=\"Gesch\u00e4tzte Lesezeit\" \/>\n\t<meta name=\"twitter:data1\" content=\"1\u00a0Minute\" \/>\n<script type=\"application\/ld+json\" class=\"yoast-schema-graph\">{\"@context\":\"https:\/\/schema.org\",\"@graph\":[{\"@type\":\"WebSite\",\"@id\":\"https:\/\/idd-oliver-brix.de\/en\/#website\",\"url\":\"https:\/\/idd-oliver-brix.de\/en\/\",\"name\":\"Innovative Dentaldesign Oliver Brix\",\"description\":\"Von der Kunst, die Natur nachzuahmen\",\"potentialAction\":[{\"@type\":\"SearchAction\",\"target\":{\"@type\":\"EntryPoint\",\"urlTemplate\":\"https:\/\/idd-oliver-brix.de\/en\/?s={search_term_string}\"},\"query-input\":\"required name=search_term_string\"}],\"inLanguage\":\"de\"},{\"@type\":\"ImageObject\",\"@id\":\"https:\/\/idd-oliver-brix.de\/en\/team\/#primaryimage\",\"inLanguage\":\"de\",\"url\":\"https:\/\/idd-oliver-brix.de\/en\/wp-content\/uploads\/2020\/05\/brix.jpg\",\"contentUrl\":\"https:\/\/idd-oliver-brix.de\/en\/wp-content\/uploads\/2020\/05\/brix.jpg\",\"width\":1024,\"height\":682},{\"@type\":\"WebPage\",\"@id\":\"https:\/\/idd-oliver-brix.de\/en\/team\/#webpage\",\"url\":\"https:\/\/idd-oliver-brix.de\/en\/team\/\",\"name\":\"Team - Innovative Dentaldesign Oliver Brix\",\"isPartOf\":{\"@id\":\"https:\/\/idd-oliver-brix.de\/en\/#website\"},\"primaryImageOfPage\":{\"@id\":\"https:\/\/idd-oliver-brix.de\/en\/team\/#primaryimage\"},\"datePublished\":\"2020-05-03T10:03:25+00:00\",\"dateModified\":\"2023-11-24T07:18:48+00:00\",\"breadcrumb\":{\"@id\":\"https:\/\/idd-oliver-brix.de\/en\/team\/#breadcrumb\"},\"inLanguage\":\"de\",\"potentialAction\":[{\"@type\":\"ReadAction\",\"target\":[\"https:\/\/idd-oliver-brix.de\/en\/team\/\"]}]},{\"@type\":\"BreadcrumbList\",\"@id\":\"https:\/\/idd-oliver-brix.de\/en\/team\/#breadcrumb\",\"itemListElement\":[{\"@type\":\"ListItem\",\"position\":1,\"name\":\"Startseite\",\"item\":\"https:\/\/idd-oliver-brix.de\/en\/\"},{\"@type\":\"ListItem\",\"position\":2,\"name\":\"Team\"}]}]}<\/script>\n<!-- \/ Yoast SEO plugin. -->","yoast_head_json":{"title":"Team - Innovative Dentaldesign Oliver Brix","robots":{"index":"index","follow":"follow","max-snippet":"max-snippet:-1","max-image-preview":"max-image-preview:large","max-video-preview":"max-video-preview:-1"},"canonical":"https:\/\/idd-oliver-brix.de\/en\/team\/","og_locale":"de_DE","og_type":"article","og_title":"Team - Innovative Dentaldesign Oliver Brix","og_description":"Team Look forward to a new, natural smile! Oliver Brix und Marie Witt look forward to putting a smile on your face with teeth that look completely natural. Oliver Brix Aesthetics &#038; Cosmetics CV Oliver Brix (PDF) 1985\u20121989 Trained as a dental technician 1989\u20122001 Worked in various dental laboratories and dental practices Specialization in the [&hellip;]","og_url":"https:\/\/idd-oliver-brix.de\/en\/team\/","og_site_name":"Innovative Dentaldesign Oliver Brix","article_modified_time":"2023-11-24T07:18:48+00:00","og_image":[{"url":"https:\/\/idd-oliver-brix.de\/en\/wp-content\/uploads\/2020\/05\/brix.jpg"}],"twitter_card":"summary_large_image","twitter_misc":{"Gesch\u00e4tzte Lesezeit":"1\u00a0Minute"},"schema":{"@context":"https:\/\/schema.org","@graph":[{"@type":"WebSite","@id":"https:\/\/idd-oliver-brix.de\/en\/#website","url":"https:\/\/idd-oliver-brix.de\/en\/","name":"Innovative Dentaldesign Oliver Brix","description":"Von der Kunst, die Natur nachzuahmen","potentialAction":[{"@type":"SearchAction","target":{"@type":"EntryPoint","urlTemplate":"https:\/\/idd-oliver-brix.de\/en\/?s={search_term_string}"},"query-input":"required name=search_term_string"}],"inLanguage":"de"},{"@type":"ImageObject","@id":"https:\/\/idd-oliver-brix.de\/en\/team\/#primaryimage","inLanguage":"de","url":"https:\/\/idd-oliver-brix.de\/en\/wp-content\/uploads\/2020\/05\/brix.jpg","contentUrl":"https:\/\/idd-oliver-brix.de\/en\/wp-content\/uploads\/2020\/05\/brix.jpg","width":1024,"height":682},{"@type":"WebPage","@id":"https:\/\/idd-oliver-brix.de\/en\/team\/#webpage","url":"https:\/\/idd-oliver-brix.de\/en\/team\/","name":"Team - Innovative Dentaldesign Oliver Brix","isPartOf":{"@id":"https:\/\/idd-oliver-brix.de\/en\/#website"},"primaryImageOfPage":{"@id":"https:\/\/idd-oliver-brix.de\/en\/team\/#primaryimage"},"datePublished":"2020-05-03T10:03:25+00:00","dateModified":"2023-11-24T07:18:48+00:00","breadcrumb":{"@id":"https:\/\/idd-oliver-brix.de\/en\/team\/#breadcrumb"},"inLanguage":"de","potentialAction":[{"@type":"ReadAction","target":["https:\/\/idd-oliver-brix.de\/en\/team\/"]}]},{"@type":"BreadcrumbList","@id":"https:\/\/idd-oliver-brix.de\/en\/team\/#breadcrumb","itemListElement":[{"@type":"ListItem","position":1,"name":"Startseite","item":"https:\/\/idd-oliver-brix.de\/en\/"},{"@type":"ListItem","position":2,"name":"Team"}]}]}},"_links":{"self":[{"href":"https:\/\/idd-oliver-brix.de\/en\/wp-json\/wp\/v2\/pages\/481"}],"collection":[{"href":"https:\/\/idd-oliver-brix.de\/en\/wp-json\/wp\/v2\/pages"}],"about":[{"href":"https:\/\/idd-oliver-brix.de\/en\/wp-json\/wp\/v2\/types\/page"}],"author":[{"embeddable":true,"href":"https:\/\/idd-oliver-brix.de\/en\/wp-json\/wp\/v2\/users\/1"}],"replies":[{"embeddable":true,"href":"https:\/\/idd-oliver-brix.de\/en\/wp-json\/wp\/v2\/comments?post=481"}],"version-history":[{"count":43,"href":"https:\/\/idd-oliver-brix.de\/en\/wp-json\/wp\/v2\/pages\/481\/revisions"}],"predecessor-version":[{"id":1058,"href":"https:\/\/idd-oliver-brix.de\/en\/wp-json\/wp\/v2\/pages\/481\/revisions\/1058"}],"wp:attachment":[{"href":"https:\/\/idd-oliver-brix.de\/en\/wp-json\/wp\/v2\/media?parent=481"}],"curies":[{"name":"wp","href":"https:\/\/api.w.org\/{rel}","templated":true}]}}