{"id":582,"date":"2020-05-04T06:33:51","date_gmt":"2020-05-04T04:33:51","guid":{"rendered":"https:\/\/lab.i-ssential.de\/idd-brix\/?page_id=582"},"modified":"2020-06-10T08:19:38","modified_gmt":"2020-06-10T06:19:38","slug":"book-publication","status":"publish","type":"page","link":"https:\/\/idd-oliver-brix.de\/en\/specialist-audiences\/book-publication\/","title":{"rendered":"Book Publication"},"content":{"rendered":"\t\t<div data-elementor-type=\"wp-post\" data-elementor-id=\"582\" class=\"elementor elementor-582\">\n\t\t\t\t\t\t<div class=\"elementor-inner\">\n\t\t\t\t<div class=\"elementor-section-wrap\">\n\t\t\t\t\t\t\t\t\t<section class=\"elementor-section elementor-top-section elementor-element elementor-element-17a747d9 elementor-section-content-middle elementor-section-boxed elementor-section-height-default elementor-section-height-default\" data-id=\"17a747d9\" data-element_type=\"section\" data-settings=\"{&quot;background_background&quot;:&quot;classic&quot;}\">\n\t\t\t\t\t\t\t<div class=\"elementor-background-overlay\"><\/div>\n\t\t\t\t\t\t\t<div class=\"elementor-container elementor-column-gap-no\">\n\t\t\t\t\t\t\t<div class=\"elementor-row\">\n\t\t\t\t\t<div class=\"elementor-column elementor-col-100 elementor-top-column elementor-element elementor-element-5141257e\" data-id=\"5141257e\" data-element_type=\"column\">\n\t\t\t<div class=\"elementor-column-wrap elementor-element-populated\">\n\t\t\t\t\t\t\t<div class=\"elementor-widget-wrap\">\n\t\t\t\t\t\t<div class=\"elementor-element elementor-element-4a90a191 elementor-widget elementor-widget-heading\" data-id=\"4a90a191\" data-element_type=\"widget\" data-widget_type=\"heading.default\">\n\t\t\t\t<div class=\"elementor-widget-container\">\n\t\t\t<h1 class=\"elementor-heading-title elementor-size-default\">Book Publication<\/h1>\t\t<\/div>\n\t\t\t\t<\/div>\n\t\t\t\t<div class=\"elementor-element elementor-element-699b7bb elementor-widget-divider--view-line elementor-widget elementor-widget-divider\" data-id=\"699b7bb\" data-element_type=\"widget\" data-widget_type=\"divider.default\">\n\t\t\t\t<div class=\"elementor-widget-container\">\n\t\t\t\t\t<div class=\"elementor-divider\">\n\t\t\t<span class=\"elementor-divider-separator\">\n\t\t\t\t\t\t<\/span>\n\t\t<\/div>\n\t\t\t\t<\/div>\n\t\t\t\t<\/div>\n\t\t\t\t\t\t<\/div>\n\t\t\t\t\t<\/div>\n\t\t<\/div>\n\t\t\t\t\t\t\t\t<\/div>\n\t\t\t\t\t<\/div>\n\t\t<\/section>\n\t\t\t\t<section class=\"elementor-section elementor-top-section elementor-element elementor-element-778d8459 elementor-section-content-middle elementor-section-boxed elementor-section-height-default elementor-section-height-default\" data-id=\"778d8459\" data-element_type=\"section\" data-settings=\"{&quot;background_background&quot;:&quot;classic&quot;}\">\n\t\t\t\t\t\t\t<div class=\"elementor-background-overlay\"><\/div>\n\t\t\t\t\t\t\t<div class=\"elementor-container elementor-column-gap-no\">\n\t\t\t\t\t\t\t<div class=\"elementor-row\">\n\t\t\t\t\t<div class=\"elementor-column elementor-col-50 elementor-top-column elementor-element elementor-element-12eeafe1\" data-id=\"12eeafe1\" data-element_type=\"column\">\n\t\t\t<div class=\"elementor-column-wrap elementor-element-populated\">\n\t\t\t\t\t\t\t<div class=\"elementor-widget-wrap\">\n\t\t\t\t\t\t<div class=\"elementor-element elementor-element-21b5fdab elementor-widget elementor-widget-heading\" data-id=\"21b5fdab\" data-element_type=\"widget\" data-widget_type=\"heading.default\">\n\t\t\t\t<div class=\"elementor-widget-container\">\n\t\t\t<h2 class=\"elementor-heading-title elementor-size-default\">Faszination Vollkeramik<\/h2>\t\t<\/div>\n\t\t\t\t<\/div>\n\t\t\t\t<div class=\"elementor-element elementor-element-41ceddab elementor-widget-divider--view-line elementor-widget elementor-widget-divider\" data-id=\"41ceddab\" data-element_type=\"widget\" data-widget_type=\"divider.default\">\n\t\t\t\t<div class=\"elementor-widget-container\">\n\t\t\t\t\t<div class=\"elementor-divider\">\n\t\t\t<span class=\"elementor-divider-separator\">\n\t\t\t\t\t\t<\/span>\n\t\t<\/div>\n\t\t\t\t<\/div>\n\t\t\t\t<\/div>\n\t\t\t\t<div class=\"elementor-element elementor-element-580719a2 elementor-widget elementor-widget-text-editor\" data-id=\"580719a2\" data-element_type=\"widget\" data-widget_type=\"text-editor.default\">\n\t\t\t\t<div class=\"elementor-widget-container\">\n\t\t\t\t\t\t\t\t<div class=\"elementor-text-editor elementor-clearfix\">\n\t\t\t\t<p>Vollkeramik in all ihren Facetten, das ist die Leidenschaft von Autor Oliver Brix \u2013 und die ist ansteckend: Spannend beschreibt er alle Aspekte, von der Indikation \u00fcber die richtige Materialauswahl und Anfertigung bis hin zu h\u00e4ufig auftretenden Fragen. Oliver Brix ist f\u00fchrend in der Anwendung von Siliziumdisilikat und daher besonders qualifiziert, Schritt f\u00fcr Schritt den Prozess zu beschreiben. So zeigt er auch, wie Patientenf\u00e4lle selbst mit weit entfernten Zahnarztpraxen gehandhabt werden k\u00f6nnen. Erg\u00e4nzt wird dieses Fachbuch durch brillante Abbildungen \u2013 dank des dreidimensionalen Effekts besonders beeindruckend. Das Buch ist in Deutsch, Englisch, Italienisch und Spanisch erschienen.<\/p>\t\t\t\t\t<\/div>\n\t\t\t\t\t\t<\/div>\n\t\t\t\t<\/div>\n\t\t\t\t<div class=\"elementor-element elementor-element-da67c58 elementor-widget elementor-widget-text-editor\" data-id=\"da67c58\" data-element_type=\"widget\" data-widget_type=\"text-editor.default\">\n\t\t\t\t<div class=\"elementor-widget-container\">\n\t\t\t\t\t\t\t\t<div class=\"elementor-text-editor elementor-clearfix\">\n\t\t\t\t<a href=\"http:\/\/www.idd-oliver-brix.de\/documents\/Brix-Book.pdf\" target=\"_blank\" rel=\"noopener\">Available from (PDF)<\/a>\t\t\t\t\t<\/div>\n\t\t\t\t\t\t<\/div>\n\t\t\t\t<\/div>\n\t\t\t\t<div class=\"elementor-element elementor-element-5a7a96c elementor-widget elementor-widget-text-editor\" data-id=\"5a7a96c\" data-element_type=\"widget\" data-widget_type=\"text-editor.default\">\n\t\t\t\t<div class=\"elementor-widget-container\">\n\t\t\t\t\t\t\t\t<div class=\"elementor-text-editor elementor-clearfix\">\n\t\t\t\t<p>Teamwork Media srl<br \/>Bestellnummer: VM10025\u2028, ca. 280 Seiten, ca. 1300 Abbildungen<br \/>www.fachbuchdirekt.de<br \/>Verlag neuer Merkur<\/p>\t\t\t\t\t<\/div>\n\t\t\t\t\t\t<\/div>\n\t\t\t\t<\/div>\n\t\t\t\t\t\t<\/div>\n\t\t\t\t\t<\/div>\n\t\t<\/div>\n\t\t\t\t<div class=\"elementor-column elementor-col-50 elementor-top-column elementor-element elementor-element-5ba9990\" data-id=\"5ba9990\" data-element_type=\"column\" data-settings=\"{&quot;background_background&quot;:&quot;classic&quot;}\">\n\t\t\t<div class=\"elementor-column-wrap elementor-element-populated\">\n\t\t\t\t\t\t\t<div class=\"elementor-widget-wrap\">\n\t\t\t\t\t\t<div class=\"elementor-element elementor-element-31fb075 elementor-widget elementor-widget-image\" data-id=\"31fb075\" data-element_type=\"widget\" data-widget_type=\"image.default\">\n\t\t\t\t<div class=\"elementor-widget-container\">\n\t\t\t\t\t\t\t\t<div class=\"elementor-image\">\n\t\t\t\t\t\t\t\t\t\t\t\t<img width=\"430\" height=\"264\" src=\"https:\/\/idd-oliver-brix.de\/en\/wp-content\/uploads\/2020\/05\/buch.jpg\" class=\"attachment-large size-large\" alt=\"\" loading=\"lazy\" srcset=\"https:\/\/idd-oliver-brix.de\/en\/wp-content\/uploads\/2020\/05\/buch.jpg 430w, https:\/\/idd-oliver-brix.de\/en\/wp-content\/uploads\/2020\/05\/buch-300x184.jpg 300w\" sizes=\"(max-width: 430px) 100vw, 430px\" \/>\t\t\t\t\t\t\t\t\t\t\t\t\t\t<\/div>\n\t\t\t\t\t\t<\/div>\n\t\t\t\t<\/div>\n\t\t\t\t\t\t<\/div>\n\t\t\t\t\t<\/div>\n\t\t<\/div>\n\t\t\t\t\t\t\t\t<\/div>\n\t\t\t\t\t<\/div>\n\t\t<\/section>\n\t\t\t\t\t\t\t\t\t<\/div>\n\t\t\t<\/div>\n\t\t\t\t\t<\/div>\n\t\t","protected":false},"excerpt":{"rendered":"<p>Book Publication Faszination Vollkeramik Vollkeramik in all ihren Facetten, das ist die Leidenschaft von Autor Oliver Brix \u2013 und die ist ansteckend: Spannend beschreibt er alle Aspekte, von der Indikation \u00fcber die richtige Materialauswahl und Anfertigung bis hin zu h\u00e4ufig auftretenden Fragen. Oliver Brix ist f\u00fchrend in der Anwendung von Siliziumdisilikat und daher besonders qualifiziert, [&hellip;]<\/p>\n","protected":false},"author":1,"featured_media":0,"parent":500,"menu_order":0,"comment_status":"closed","ping_status":"closed","template":"","meta":[],"yoast_head":"<!-- This site is optimized with the Yoast SEO plugin v18.5.1 - https:\/\/yoast.com\/wordpress\/plugins\/seo\/ -->\n<title>Book Publication - Innovative Dentaldesign Oliver Brix<\/title>\n<meta name=\"robots\" content=\"index, follow, max-snippet:-1, max-image-preview:large, max-video-preview:-1\" \/>\n<link rel=\"canonical\" href=\"https:\/\/idd-oliver-brix.de\/en\/specialist-audiences\/book-publication\/\" \/>\n<meta property=\"og:locale\" content=\"de_DE\" \/>\n<meta property=\"og:type\" content=\"article\" \/>\n<meta property=\"og:title\" content=\"Book Publication - Innovative Dentaldesign Oliver Brix\" \/>\n<meta property=\"og:description\" content=\"Book Publication Faszination Vollkeramik Vollkeramik in all ihren Facetten, das ist die Leidenschaft von Autor Oliver Brix \u2013 und die ist ansteckend: Spannend beschreibt er alle Aspekte, von der Indikation \u00fcber die richtige Materialauswahl und Anfertigung bis hin zu h\u00e4ufig auftretenden Fragen. Oliver Brix ist f\u00fchrend in der Anwendung von Siliziumdisilikat und daher besonders qualifiziert, [&hellip;]\" \/>\n<meta property=\"og:url\" content=\"https:\/\/idd-oliver-brix.de\/en\/specialist-audiences\/book-publication\/\" \/>\n<meta property=\"og:site_name\" content=\"Innovative Dentaldesign Oliver Brix\" \/>\n<meta property=\"article:modified_time\" content=\"2020-06-10T06:19:38+00:00\" \/>\n<meta property=\"og:image\" content=\"https:\/\/idd-oliver-brix.de\/en\/wp-content\/uploads\/2020\/05\/buch.jpg\" \/>\n<meta name=\"twitter:card\" content=\"summary_large_image\" \/>\n<meta name=\"twitter:label1\" content=\"Gesch\u00e4tzte Lesezeit\" \/>\n\t<meta name=\"twitter:data1\" content=\"1\u00a0Minute\" \/>\n<script type=\"application\/ld+json\" class=\"yoast-schema-graph\">{\"@context\":\"https:\/\/schema.org\",\"@graph\":[{\"@type\":\"WebSite\",\"@id\":\"https:\/\/idd-oliver-brix.de\/en\/#website\",\"url\":\"https:\/\/idd-oliver-brix.de\/en\/\",\"name\":\"Innovative Dentaldesign Oliver Brix\",\"description\":\"Von der Kunst, die Natur nachzuahmen\",\"potentialAction\":[{\"@type\":\"SearchAction\",\"target\":{\"@type\":\"EntryPoint\",\"urlTemplate\":\"https:\/\/idd-oliver-brix.de\/en\/?s={search_term_string}\"},\"query-input\":\"required name=search_term_string\"}],\"inLanguage\":\"de\"},{\"@type\":\"ImageObject\",\"@id\":\"https:\/\/idd-oliver-brix.de\/en\/specialist-audiences\/book-publication\/#primaryimage\",\"inLanguage\":\"de\",\"url\":\"https:\/\/idd-oliver-brix.de\/en\/wp-content\/uploads\/2020\/05\/buch.jpg\",\"contentUrl\":\"https:\/\/idd-oliver-brix.de\/en\/wp-content\/uploads\/2020\/05\/buch.jpg\",\"width\":430,\"height\":264},{\"@type\":\"WebPage\",\"@id\":\"https:\/\/idd-oliver-brix.de\/en\/specialist-audiences\/book-publication\/#webpage\",\"url\":\"https:\/\/idd-oliver-brix.de\/en\/specialist-audiences\/book-publication\/\",\"name\":\"Book Publication - Innovative Dentaldesign Oliver Brix\",\"isPartOf\":{\"@id\":\"https:\/\/idd-oliver-brix.de\/en\/#website\"},\"primaryImageOfPage\":{\"@id\":\"https:\/\/idd-oliver-brix.de\/en\/specialist-audiences\/book-publication\/#primaryimage\"},\"datePublished\":\"2020-05-04T04:33:51+00:00\",\"dateModified\":\"2020-06-10T06:19:38+00:00\",\"breadcrumb\":{\"@id\":\"https:\/\/idd-oliver-brix.de\/en\/specialist-audiences\/book-publication\/#breadcrumb\"},\"inLanguage\":\"de\",\"potentialAction\":[{\"@type\":\"ReadAction\",\"target\":[\"https:\/\/idd-oliver-brix.de\/en\/specialist-audiences\/book-publication\/\"]}]},{\"@type\":\"BreadcrumbList\",\"@id\":\"https:\/\/idd-oliver-brix.de\/en\/specialist-audiences\/book-publication\/#breadcrumb\",\"itemListElement\":[{\"@type\":\"ListItem\",\"position\":1,\"name\":\"Startseite\",\"item\":\"https:\/\/idd-oliver-brix.de\/en\/\"},{\"@type\":\"ListItem\",\"position\":2,\"name\":\"Specialist Audiences\",\"item\":\"https:\/\/idd-oliver-brix.de\/en\/specialist-audiences\/\"},{\"@type\":\"ListItem\",\"position\":3,\"name\":\"Book Publication\"}]}]}<\/script>\n<!-- \/ Yoast SEO plugin. -->","yoast_head_json":{"title":"Book Publication - Innovative Dentaldesign Oliver Brix","robots":{"index":"index","follow":"follow","max-snippet":"max-snippet:-1","max-image-preview":"max-image-preview:large","max-video-preview":"max-video-preview:-1"},"canonical":"https:\/\/idd-oliver-brix.de\/en\/specialist-audiences\/book-publication\/","og_locale":"de_DE","og_type":"article","og_title":"Book Publication - Innovative Dentaldesign Oliver Brix","og_description":"Book Publication Faszination Vollkeramik Vollkeramik in all ihren Facetten, das ist die Leidenschaft von Autor Oliver Brix \u2013 und die ist ansteckend: Spannend beschreibt er alle Aspekte, von der Indikation \u00fcber die richtige Materialauswahl und Anfertigung bis hin zu h\u00e4ufig auftretenden Fragen. Oliver Brix ist f\u00fchrend in der Anwendung von Siliziumdisilikat und daher besonders qualifiziert, [&hellip;]","og_url":"https:\/\/idd-oliver-brix.de\/en\/specialist-audiences\/book-publication\/","og_site_name":"Innovative Dentaldesign Oliver Brix","article_modified_time":"2020-06-10T06:19:38+00:00","og_image":[{"url":"https:\/\/idd-oliver-brix.de\/en\/wp-content\/uploads\/2020\/05\/buch.jpg"}],"twitter_card":"summary_large_image","twitter_misc":{"Gesch\u00e4tzte Lesezeit":"1\u00a0Minute"},"schema":{"@context":"https:\/\/schema.org","@graph":[{"@type":"WebSite","@id":"https:\/\/idd-oliver-brix.de\/en\/#website","url":"https:\/\/idd-oliver-brix.de\/en\/","name":"Innovative Dentaldesign Oliver Brix","description":"Von der Kunst, die Natur nachzuahmen","potentialAction":[{"@type":"SearchAction","target":{"@type":"EntryPoint","urlTemplate":"https:\/\/idd-oliver-brix.de\/en\/?s={search_term_string}"},"query-input":"required name=search_term_string"}],"inLanguage":"de"},{"@type":"ImageObject","@id":"https:\/\/idd-oliver-brix.de\/en\/specialist-audiences\/book-publication\/#primaryimage","inLanguage":"de","url":"https:\/\/idd-oliver-brix.de\/en\/wp-content\/uploads\/2020\/05\/buch.jpg","contentUrl":"https:\/\/idd-oliver-brix.de\/en\/wp-content\/uploads\/2020\/05\/buch.jpg","width":430,"height":264},{"@type":"WebPage","@id":"https:\/\/idd-oliver-brix.de\/en\/specialist-audiences\/book-publication\/#webpage","url":"https:\/\/idd-oliver-brix.de\/en\/specialist-audiences\/book-publication\/","name":"Book Publication - Innovative Dentaldesign Oliver Brix","isPartOf":{"@id":"https:\/\/idd-oliver-brix.de\/en\/#website"},"primaryImageOfPage":{"@id":"https:\/\/idd-oliver-brix.de\/en\/specialist-audiences\/book-publication\/#primaryimage"},"datePublished":"2020-05-04T04:33:51+00:00","dateModified":"2020-06-10T06:19:38+00:00","breadcrumb":{"@id":"https:\/\/idd-oliver-brix.de\/en\/specialist-audiences\/book-publication\/#breadcrumb"},"inLanguage":"de","potentialAction":[{"@type":"ReadAction","target":["https:\/\/idd-oliver-brix.de\/en\/specialist-audiences\/book-publication\/"]}]},{"@type":"BreadcrumbList","@id":"https:\/\/idd-oliver-brix.de\/en\/specialist-audiences\/book-publication\/#breadcrumb","itemListElement":[{"@type":"ListItem","position":1,"name":"Startseite","item":"https:\/\/idd-oliver-brix.de\/en\/"},{"@type":"ListItem","position":2,"name":"Specialist Audiences","item":"https:\/\/idd-oliver-brix.de\/en\/specialist-audiences\/"},{"@type":"ListItem","position":3,"name":"Book Publication"}]}]}},"_links":{"self":[{"href":"https:\/\/idd-oliver-brix.de\/en\/wp-json\/wp\/v2\/pages\/582"}],"collection":[{"href":"https:\/\/idd-oliver-brix.de\/en\/wp-json\/wp\/v2\/pages"}],"about":[{"href":"https:\/\/idd-oliver-brix.de\/en\/wp-json\/wp\/v2\/types\/page"}],"author":[{"embeddable":true,"href":"https:\/\/idd-oliver-brix.de\/en\/wp-json\/wp\/v2\/users\/1"}],"replies":[{"embeddable":true,"href":"https:\/\/idd-oliver-brix.de\/en\/wp-json\/wp\/v2\/comments?post=582"}],"version-history":[{"count":10,"href":"https:\/\/idd-oliver-brix.de\/en\/wp-json\/wp\/v2\/pages\/582\/revisions"}],"predecessor-version":[{"id":992,"href":"https:\/\/idd-oliver-brix.de\/en\/wp-json\/wp\/v2\/pages\/582\/revisions\/992"}],"up":[{"embeddable":true,"href":"https:\/\/idd-oliver-brix.de\/en\/wp-json\/wp\/v2\/pages\/500"}],"wp:attachment":[{"href":"https:\/\/idd-oliver-brix.de\/en\/wp-json\/wp\/v2\/media?parent=582"}],"curies":[{"name":"wp","href":"https:\/\/api.w.org\/{rel}","templated":true}]}}