{"id":628,"date":"2020-05-04T07:16:45","date_gmt":"2020-05-04T05:16:45","guid":{"rendered":"https:\/\/lab.i-ssential.de\/idd-brix\/?page_id=628"},"modified":"2020-06-04T08:36:46","modified_gmt":"2020-06-04T06:36:46","slug":"imprint","status":"publish","type":"page","link":"https:\/\/idd-oliver-brix.de\/en\/imprint\/","title":{"rendered":"Imprint"},"content":{"rendered":"\t\t<div data-elementor-type=\"wp-post\" data-elementor-id=\"628\" class=\"elementor elementor-628\">\n\t\t\t\t\t\t<div class=\"elementor-inner\">\n\t\t\t\t<div class=\"elementor-section-wrap\">\n\t\t\t\t\t\t\t\t\t<section class=\"elementor-section elementor-top-section elementor-element elementor-element-7a3f8edb elementor-section-content-middle elementor-section-boxed elementor-section-height-default elementor-section-height-default\" data-id=\"7a3f8edb\" data-element_type=\"section\" data-settings=\"{&quot;background_background&quot;:&quot;classic&quot;}\">\n\t\t\t\t\t\t\t<div class=\"elementor-background-overlay\"><\/div>\n\t\t\t\t\t\t\t<div class=\"elementor-container elementor-column-gap-no\">\n\t\t\t\t\t\t\t<div class=\"elementor-row\">\n\t\t\t\t\t<div class=\"elementor-column elementor-col-100 elementor-top-column elementor-element elementor-element-7e811362\" data-id=\"7e811362\" data-element_type=\"column\">\n\t\t\t<div class=\"elementor-column-wrap elementor-element-populated\">\n\t\t\t\t\t\t\t<div class=\"elementor-widget-wrap\">\n\t\t\t\t\t\t<div class=\"elementor-element elementor-element-30e2c37b elementor-widget elementor-widget-heading\" data-id=\"30e2c37b\" data-element_type=\"widget\" data-widget_type=\"heading.default\">\n\t\t\t\t<div class=\"elementor-widget-container\">\n\t\t\t<h1 class=\"elementor-heading-title elementor-size-default\">Imprint<\/h1>\t\t<\/div>\n\t\t\t\t<\/div>\n\t\t\t\t<div class=\"elementor-element elementor-element-e7731c2 elementor-widget-divider--view-line elementor-widget elementor-widget-divider\" data-id=\"e7731c2\" data-element_type=\"widget\" data-widget_type=\"divider.default\">\n\t\t\t\t<div class=\"elementor-widget-container\">\n\t\t\t\t\t<div class=\"elementor-divider\">\n\t\t\t<span class=\"elementor-divider-separator\">\n\t\t\t\t\t\t<\/span>\n\t\t<\/div>\n\t\t\t\t<\/div>\n\t\t\t\t<\/div>\n\t\t\t\t\t\t<\/div>\n\t\t\t\t\t<\/div>\n\t\t<\/div>\n\t\t\t\t\t\t\t\t<\/div>\n\t\t\t\t\t<\/div>\n\t\t<\/section>\n\t\t\t\t<section class=\"elementor-section elementor-top-section elementor-element elementor-element-7bd99371 elementor-section-content-top elementor-section-boxed elementor-section-height-default elementor-section-height-default\" data-id=\"7bd99371\" data-element_type=\"section\" data-settings=\"{&quot;background_background&quot;:&quot;classic&quot;}\">\n\t\t\t\t\t\t\t<div class=\"elementor-background-overlay\"><\/div>\n\t\t\t\t\t\t\t<div class=\"elementor-container elementor-column-gap-no\">\n\t\t\t\t\t\t\t<div class=\"elementor-row\">\n\t\t\t\t\t<div class=\"elementor-column elementor-col-100 elementor-top-column elementor-element elementor-element-4780a805\" data-id=\"4780a805\" data-element_type=\"column\">\n\t\t\t<div class=\"elementor-column-wrap elementor-element-populated\">\n\t\t\t\t\t\t\t<div class=\"elementor-widget-wrap\">\n\t\t\t\t\t\t<div class=\"elementor-element elementor-element-1bb326e elementor-widget elementor-widget-text-editor\" data-id=\"1bb326e\" data-element_type=\"widget\" data-widget_type=\"text-editor.default\">\n\t\t\t\t<div class=\"elementor-widget-container\">\n\t\t\t\t\t\t\t\t<div class=\"elementor-text-editor elementor-clearfix\">\n\t\t\t\t<p>Inhaltlich Verantwortlicher: Oliver Brix (Anschrift wie unten)<\/p><p>innovative dentaldesign Oliver Brix<br \/>Kisseleffstra\u00dfe 1a<br \/>61348 Bad Homburg<\/p><p>Mobil: +49 (0)163 6621648<br \/>Fax: +49 (0)6195 902985<br \/>E-Mail: Oliver-Brix@t-online.de<\/p><p>Haftungshinweis: Trotz sorgf\u00e4ltiger inhaltlicher Kontrolle \u00fcbernehmen ich keine Haftung f\u00fcr die Inhalte externer Links.<br \/>F\u00fcr den Inhalt der verlinkten Seiten sind ausschlie\u00dflich deren Betreiber verantwortlich.<br \/>Gem\u00e4\u00df \u00a7 28 BDSG widerspreche ich jeder kommerziellen Verwendung und Weitergabe meiner Daten.<\/p><p>Impressum Details: <br \/><br \/>Verantwortungsbereich:<br \/>Das Impressum gilt nur f\u00fcr die Internetpr\u00e4senz unter der Adresse: www.idd-oliver-brix.de<br \/><br \/>Abgrenzung:<br \/>Die Web-Pr\u00e4senz ist Teil des WWW und dementsprechend mit fremden, sich jederzeit wandeln k\u00f6nnenden Websites verkn\u00fcpft, die folglich auch nicht diesem Verantwortungsbereich unterliegen und f\u00fcr die nachfolgende Informationen nicht gelten. Dass die Links weder gegen Sitten noch Gesetze versto\u00dfen, wurde gepr\u00fcft, bevor sie hier aufgenommen wurden. Links, die zu fremden Webprojekten f\u00fchren, erkennen Sie daran: Schriftsymbol oder Grafik-URL oder neues Browserfenster.<\/p><p>Diensteanbieter:<br \/>innovative dentaldesign Oliver Brix<\/p><p>Anschrift:<br \/>innovative dentaldesign Oliver Brix<br \/>Kisseleffstra\u00dfe 1a<br \/>61348 Bad Homburg<br \/><br \/>Elektronische Postadresse:<br \/>oliver-brix@t-online.de<br \/>Mobil: +49 (0)163 6621648<\/p><p>Zweck dieses Webprojektes:<br \/>Information \u00fcber die Angebote von innovative dentaldesign Oliver Brix<br \/><br \/>Journalistisch-redaktionelle Verantwortung :<br \/>innovative dentaldesign Oliver Brix<br \/>Kisseleffstra\u00dfe 1a<br \/>61348 Bad Homburg<br \/><br \/>Die Illustrationen unterliegen den Urheberrechten von:<br \/>innovative dentaldesign Oliver Brix<br \/>Kisseleffstra\u00dfe 1a<br \/>61348 Bad Homburg<\/p><p>Konzept, Text und Gestaltung: <a href=\"http:\/\/www.brandangels.de\" target=\"_blank\" rel=\"noopener\">brandangels.de<\/a><br \/>Programmierung: <a href=\"http:\/\/www.i-ssential.de\" target=\"_blank\" rel=\"noopener\">i-ssential.de<\/a><br \/>Photos: <a href=\"http:\/\/www.bannerphoto.net\" target=\"_blank\" rel=\"noopener\">bannerphoto.net<\/a><br \/>\u00dcbersetzung: <a href=\"http:\/\/www.gainestranslations.de\" target=\"_blank\" rel=\"noopener\">gainestranslations.de<\/a><\/p><p>Datenschutz: Personenbezogene Daten werden nur mit Ihrem Wissen und Ihrer Einwilligung erhoben. Auf Antrag erhalten Sie unentgeltlich Auskunft zu den \u00fcber Sie gespeicherten personenbezogenen Daten.<br \/>Wenden Sie sich dazu bitte an: oliver-brix@t-online.de<br \/><br \/>Keine Haftung:<br \/>Die Inhalte dieses Webprojektes wurden sorgf\u00e4ltig gepr\u00fcft und nach bestem Wissen erstellt. F\u00fcr die hier dargebotenen Informationen wird aber kein Anspruch auf Vollst\u00e4ndigkeit, Aktualit\u00e4t, Qualit\u00e4t und Richtigkeit erhoben. Es kann keine Verantwortung f\u00fcr Sch\u00e4den \u00fcbernommen werden, die durch das Vertrauen auf die Inhalte dieser Website oder deren Gebrauch entstehen. <br \/><br \/>Schutzrechtsverletzung:<br \/>Falls Sie vermuten, dass von dieser Website aus eines Ihrer Schutzrechte verletzt wird, teilen Sie uns das bitte umgehend per elektronischer Post mit, damit z\u00fcgig Abhilfe geschaffen werden kann. Bitte nehmen Sie zur Kenntnis: Die zeitaufwendigere Einschaltung eines Anwalts zur f\u00fcr den Diensteanbieter kostenpflichtigen Abmahnung entspricht nicht dessen wirklichem oder mutma\u00dflichem Willen.<\/p>\t\t\t\t\t<\/div>\n\t\t\t\t\t\t<\/div>\n\t\t\t\t<\/div>\n\t\t\t\t\t\t<\/div>\n\t\t\t\t\t<\/div>\n\t\t<\/div>\n\t\t\t\t\t\t\t\t<\/div>\n\t\t\t\t\t<\/div>\n\t\t<\/section>\n\t\t\t\t\t\t\t\t\t<\/div>\n\t\t\t<\/div>\n\t\t\t\t\t<\/div>\n\t\t","protected":false},"excerpt":{"rendered":"<p>Imprint Inhaltlich Verantwortlicher: Oliver Brix (Anschrift wie unten) innovative dentaldesign Oliver BrixKisseleffstra\u00dfe 1a61348 Bad Homburg Mobil: +49 (0)163 6621648Fax: +49 (0)6195 902985E-Mail: Oliver-Brix@t-online.de Haftungshinweis: Trotz sorgf\u00e4ltiger inhaltlicher Kontrolle \u00fcbernehmen ich keine Haftung f\u00fcr die Inhalte externer Links.F\u00fcr den Inhalt der verlinkten Seiten sind ausschlie\u00dflich deren Betreiber verantwortlich.Gem\u00e4\u00df \u00a7 28 BDSG widerspreche ich jeder kommerziellen Verwendung [&hellip;]<\/p>\n","protected":false},"author":1,"featured_media":0,"parent":0,"menu_order":0,"comment_status":"closed","ping_status":"closed","template":"","meta":[],"yoast_head":"<!-- This site is optimized with the Yoast SEO plugin v18.5.1 - https:\/\/yoast.com\/wordpress\/plugins\/seo\/ -->\n<title>Imprint - Innovative Dentaldesign Oliver Brix<\/title>\n<meta name=\"robots\" content=\"index, follow, max-snippet:-1, max-image-preview:large, max-video-preview:-1\" \/>\n<link rel=\"canonical\" href=\"https:\/\/idd-oliver-brix.de\/en\/imprint\/\" \/>\n<meta property=\"og:locale\" content=\"de_DE\" \/>\n<meta property=\"og:type\" content=\"article\" \/>\n<meta property=\"og:title\" content=\"Imprint - Innovative Dentaldesign Oliver Brix\" \/>\n<meta property=\"og:description\" content=\"Imprint Inhaltlich Verantwortlicher: Oliver Brix (Anschrift wie unten) innovative dentaldesign Oliver BrixKisseleffstra\u00dfe 1a61348 Bad Homburg Mobil: +49 (0)163 6621648Fax: +49 (0)6195 902985E-Mail: Oliver-Brix@t-online.de Haftungshinweis: Trotz sorgf\u00e4ltiger inhaltlicher Kontrolle \u00fcbernehmen ich keine Haftung f\u00fcr die Inhalte externer Links.F\u00fcr den Inhalt der verlinkten Seiten sind ausschlie\u00dflich deren Betreiber verantwortlich.Gem\u00e4\u00df \u00a7 28 BDSG widerspreche ich jeder kommerziellen Verwendung [&hellip;]\" \/>\n<meta property=\"og:url\" content=\"https:\/\/idd-oliver-brix.de\/en\/imprint\/\" \/>\n<meta property=\"og:site_name\" content=\"Innovative Dentaldesign Oliver Brix\" \/>\n<meta property=\"article:modified_time\" content=\"2020-06-04T06:36:46+00:00\" \/>\n<meta name=\"twitter:card\" content=\"summary_large_image\" \/>\n<meta name=\"twitter:label1\" content=\"Gesch\u00e4tzte Lesezeit\" \/>\n\t<meta name=\"twitter:data1\" content=\"2\u00a0Minuten\" \/>\n<script type=\"application\/ld+json\" class=\"yoast-schema-graph\">{\"@context\":\"https:\/\/schema.org\",\"@graph\":[{\"@type\":\"WebSite\",\"@id\":\"https:\/\/idd-oliver-brix.de\/en\/#website\",\"url\":\"https:\/\/idd-oliver-brix.de\/en\/\",\"name\":\"Innovative Dentaldesign Oliver Brix\",\"description\":\"Von der Kunst, die Natur nachzuahmen\",\"potentialAction\":[{\"@type\":\"SearchAction\",\"target\":{\"@type\":\"EntryPoint\",\"urlTemplate\":\"https:\/\/idd-oliver-brix.de\/en\/?s={search_term_string}\"},\"query-input\":\"required name=search_term_string\"}],\"inLanguage\":\"de\"},{\"@type\":\"WebPage\",\"@id\":\"https:\/\/idd-oliver-brix.de\/en\/imprint\/#webpage\",\"url\":\"https:\/\/idd-oliver-brix.de\/en\/imprint\/\",\"name\":\"Imprint - Innovative Dentaldesign Oliver Brix\",\"isPartOf\":{\"@id\":\"https:\/\/idd-oliver-brix.de\/en\/#website\"},\"datePublished\":\"2020-05-04T05:16:45+00:00\",\"dateModified\":\"2020-06-04T06:36:46+00:00\",\"breadcrumb\":{\"@id\":\"https:\/\/idd-oliver-brix.de\/en\/imprint\/#breadcrumb\"},\"inLanguage\":\"de\",\"potentialAction\":[{\"@type\":\"ReadAction\",\"target\":[\"https:\/\/idd-oliver-brix.de\/en\/imprint\/\"]}]},{\"@type\":\"BreadcrumbList\",\"@id\":\"https:\/\/idd-oliver-brix.de\/en\/imprint\/#breadcrumb\",\"itemListElement\":[{\"@type\":\"ListItem\",\"position\":1,\"name\":\"Startseite\",\"item\":\"https:\/\/idd-oliver-brix.de\/en\/\"},{\"@type\":\"ListItem\",\"position\":2,\"name\":\"Imprint\"}]}]}<\/script>\n<!-- \/ Yoast SEO plugin. -->","yoast_head_json":{"title":"Imprint - Innovative Dentaldesign Oliver Brix","robots":{"index":"index","follow":"follow","max-snippet":"max-snippet:-1","max-image-preview":"max-image-preview:large","max-video-preview":"max-video-preview:-1"},"canonical":"https:\/\/idd-oliver-brix.de\/en\/imprint\/","og_locale":"de_DE","og_type":"article","og_title":"Imprint - Innovative Dentaldesign Oliver Brix","og_description":"Imprint Inhaltlich Verantwortlicher: Oliver Brix (Anschrift wie unten) innovative dentaldesign Oliver BrixKisseleffstra\u00dfe 1a61348 Bad Homburg Mobil: +49 (0)163 6621648Fax: +49 (0)6195 902985E-Mail: Oliver-Brix@t-online.de Haftungshinweis: Trotz sorgf\u00e4ltiger inhaltlicher Kontrolle \u00fcbernehmen ich keine Haftung f\u00fcr die Inhalte externer Links.F\u00fcr den Inhalt der verlinkten Seiten sind ausschlie\u00dflich deren Betreiber verantwortlich.Gem\u00e4\u00df \u00a7 28 BDSG widerspreche ich jeder kommerziellen Verwendung [&hellip;]","og_url":"https:\/\/idd-oliver-brix.de\/en\/imprint\/","og_site_name":"Innovative Dentaldesign Oliver Brix","article_modified_time":"2020-06-04T06:36:46+00:00","twitter_card":"summary_large_image","twitter_misc":{"Gesch\u00e4tzte Lesezeit":"2\u00a0Minuten"},"schema":{"@context":"https:\/\/schema.org","@graph":[{"@type":"WebSite","@id":"https:\/\/idd-oliver-brix.de\/en\/#website","url":"https:\/\/idd-oliver-brix.de\/en\/","name":"Innovative Dentaldesign Oliver Brix","description":"Von der Kunst, die Natur nachzuahmen","potentialAction":[{"@type":"SearchAction","target":{"@type":"EntryPoint","urlTemplate":"https:\/\/idd-oliver-brix.de\/en\/?s={search_term_string}"},"query-input":"required name=search_term_string"}],"inLanguage":"de"},{"@type":"WebPage","@id":"https:\/\/idd-oliver-brix.de\/en\/imprint\/#webpage","url":"https:\/\/idd-oliver-brix.de\/en\/imprint\/","name":"Imprint - Innovative Dentaldesign Oliver Brix","isPartOf":{"@id":"https:\/\/idd-oliver-brix.de\/en\/#website"},"datePublished":"2020-05-04T05:16:45+00:00","dateModified":"2020-06-04T06:36:46+00:00","breadcrumb":{"@id":"https:\/\/idd-oliver-brix.de\/en\/imprint\/#breadcrumb"},"inLanguage":"de","potentialAction":[{"@type":"ReadAction","target":["https:\/\/idd-oliver-brix.de\/en\/imprint\/"]}]},{"@type":"BreadcrumbList","@id":"https:\/\/idd-oliver-brix.de\/en\/imprint\/#breadcrumb","itemListElement":[{"@type":"ListItem","position":1,"name":"Startseite","item":"https:\/\/idd-oliver-brix.de\/en\/"},{"@type":"ListItem","position":2,"name":"Imprint"}]}]}},"_links":{"self":[{"href":"https:\/\/idd-oliver-brix.de\/en\/wp-json\/wp\/v2\/pages\/628"}],"collection":[{"href":"https:\/\/idd-oliver-brix.de\/en\/wp-json\/wp\/v2\/pages"}],"about":[{"href":"https:\/\/idd-oliver-brix.de\/en\/wp-json\/wp\/v2\/types\/page"}],"author":[{"embeddable":true,"href":"https:\/\/idd-oliver-brix.de\/en\/wp-json\/wp\/v2\/users\/1"}],"replies":[{"embeddable":true,"href":"https:\/\/idd-oliver-brix.de\/en\/wp-json\/wp\/v2\/comments?post=628"}],"version-history":[{"count":5,"href":"https:\/\/idd-oliver-brix.de\/en\/wp-json\/wp\/v2\/pages\/628\/revisions"}],"predecessor-version":[{"id":960,"href":"https:\/\/idd-oliver-brix.de\/en\/wp-json\/wp\/v2\/pages\/628\/revisions\/960"}],"wp:attachment":[{"href":"https:\/\/idd-oliver-brix.de\/en\/wp-json\/wp\/v2\/media?parent=628"}],"curies":[{"name":"wp","href":"https:\/\/api.w.org\/{rel}","templated":true}]}}