{"id":865,"date":"2020-05-12T16:58:54","date_gmt":"2020-05-12T14:58:54","guid":{"rendered":"https:\/\/lab.i-ssential.de\/idd-brix\/?page_id=865"},"modified":"2020-06-04T08:11:46","modified_gmt":"2020-06-04T06:11:46","slug":"file-set-excalidibur","status":"publish","type":"page","link":"https:\/\/idd-oliver-brix.de\/en\/specialist-audiences\/file-set-excalidibur\/","title":{"rendered":"File set excalidibur"},"content":{"rendered":"\t\t<div data-elementor-type=\"wp-post\" data-elementor-id=\"865\" class=\"elementor elementor-865\">\n\t\t\t\t\t\t<div class=\"elementor-inner\">\n\t\t\t\t<div class=\"elementor-section-wrap\">\n\t\t\t\t\t\t\t\t\t<section class=\"elementor-section elementor-top-section elementor-element elementor-element-17a747d9 elementor-section-content-middle elementor-section-boxed elementor-section-height-default elementor-section-height-default\" data-id=\"17a747d9\" data-element_type=\"section\" data-settings=\"{&quot;background_background&quot;:&quot;classic&quot;}\">\n\t\t\t\t\t\t\t<div class=\"elementor-background-overlay\"><\/div>\n\t\t\t\t\t\t\t<div class=\"elementor-container elementor-column-gap-no\">\n\t\t\t\t\t\t\t<div class=\"elementor-row\">\n\t\t\t\t\t<div class=\"elementor-column elementor-col-100 elementor-top-column elementor-element elementor-element-5141257e\" data-id=\"5141257e\" data-element_type=\"column\">\n\t\t\t<div class=\"elementor-column-wrap elementor-element-populated\">\n\t\t\t\t\t\t\t<div class=\"elementor-widget-wrap\">\n\t\t\t\t\t\t<div class=\"elementor-element elementor-element-4a90a191 elementor-widget elementor-widget-heading\" data-id=\"4a90a191\" data-element_type=\"widget\" data-widget_type=\"heading.default\">\n\t\t\t\t<div class=\"elementor-widget-container\">\n\t\t\t<h1 class=\"elementor-heading-title elementor-size-default\">Schleifset EXCALIDIBUR<\/h1>\t\t<\/div>\n\t\t\t\t<\/div>\n\t\t\t\t<div class=\"elementor-element elementor-element-699b7bb elementor-widget-divider--view-line elementor-widget elementor-widget-divider\" data-id=\"699b7bb\" data-element_type=\"widget\" data-widget_type=\"divider.default\">\n\t\t\t\t<div class=\"elementor-widget-container\">\n\t\t\t\t\t<div class=\"elementor-divider\">\n\t\t\t<span class=\"elementor-divider-separator\">\n\t\t\t\t\t\t<\/span>\n\t\t<\/div>\n\t\t\t\t<\/div>\n\t\t\t\t<\/div>\n\t\t\t\t\t\t<\/div>\n\t\t\t\t\t<\/div>\n\t\t<\/div>\n\t\t\t\t\t\t\t\t<\/div>\n\t\t\t\t\t<\/div>\n\t\t<\/section>\n\t\t\t\t<section class=\"elementor-section elementor-top-section elementor-element elementor-element-778d8459 elementor-section-content-middle elementor-section-boxed elementor-section-height-default elementor-section-height-default\" data-id=\"778d8459\" data-element_type=\"section\" data-settings=\"{&quot;background_background&quot;:&quot;classic&quot;}\">\n\t\t\t\t\t\t\t<div class=\"elementor-background-overlay\"><\/div>\n\t\t\t\t\t\t\t<div class=\"elementor-container elementor-column-gap-no\">\n\t\t\t\t\t\t\t<div class=\"elementor-row\">\n\t\t\t\t\t<div class=\"elementor-column elementor-col-50 elementor-top-column elementor-element elementor-element-12eeafe1\" data-id=\"12eeafe1\" data-element_type=\"column\">\n\t\t\t<div class=\"elementor-column-wrap elementor-element-populated\">\n\t\t\t\t\t\t\t<div class=\"elementor-widget-wrap\">\n\t\t\t\t\t\t<div class=\"elementor-element elementor-element-21b5fdab elementor-widget elementor-widget-heading\" data-id=\"21b5fdab\" data-element_type=\"widget\" data-widget_type=\"heading.default\">\n\t\t\t\t<div class=\"elementor-widget-container\">\n\t\t\t<h2 class=\"elementor-heading-title elementor-size-default\">Schleifset-Turbine zur Oberfl\u00e4chenbearbeitung von Lithiumdisilikat<\/h2>\t\t<\/div>\n\t\t\t\t<\/div>\n\t\t\t\t<div class=\"elementor-element elementor-element-41ceddab elementor-widget-divider--view-line elementor-widget elementor-widget-divider\" data-id=\"41ceddab\" data-element_type=\"widget\" data-widget_type=\"divider.default\">\n\t\t\t\t<div class=\"elementor-widget-container\">\n\t\t\t\t\t<div class=\"elementor-divider\">\n\t\t\t<span class=\"elementor-divider-separator\">\n\t\t\t\t\t\t<\/span>\n\t\t<\/div>\n\t\t\t\t<\/div>\n\t\t\t\t<\/div>\n\t\t\t\t<div class=\"elementor-element elementor-element-580719a2 elementor-widget elementor-widget-text-editor\" data-id=\"580719a2\" data-element_type=\"widget\" data-widget_type=\"text-editor.default\">\n\t\t\t\t<div class=\"elementor-widget-container\">\n\t\t\t\t\t\t\t\t<div class=\"elementor-text-editor elementor-clearfix\">\n\t\t\t\t<p>Schleifset Turbine zur Oberfl\u00e4chenbeaerbeitung von Lithiumdisilikat<\/p>\t\t\t\t\t<\/div>\n\t\t\t\t\t\t<\/div>\n\t\t\t\t<\/div>\n\t\t\t\t<div class=\"elementor-element elementor-element-ca5f717 elementor-widget elementor-widget-text-editor\" data-id=\"ca5f717\" data-element_type=\"widget\" data-widget_type=\"text-editor.default\">\n\t\t\t\t<div class=\"elementor-widget-container\">\n\t\t\t\t\t\t\t\t<div class=\"elementor-text-editor elementor-clearfix\">\n\t\t\t\t<p><a href=\"https:\/\/www.nti.de\/dental\/de\/shop\/Labor\/Sortimente_Labor\/?card=32273\" target=\"_blank\" rel=\"noopener\">Vollkeramk in Perfektion (PDF)<\/a><\/p>\t\t\t\t\t<\/div>\n\t\t\t\t\t\t<\/div>\n\t\t\t\t<\/div>\n\t\t\t\t<div class=\"elementor-element elementor-element-5a7a96c elementor-widget elementor-widget-text-editor\" data-id=\"5a7a96c\" data-element_type=\"widget\" data-widget_type=\"text-editor.default\">\n\t\t\t\t<div class=\"elementor-widget-container\">\n\t\t\t\t\t\t\t\t<div class=\"elementor-text-editor elementor-clearfix\">\n\t\t\t\t<p>Erh\u00e4ltlich bei:<\/p><p>NTI \u2013 Kahla<br \/>Im Camisch 3<br \/>07768 Kahla<\/p><p>Phone: +49 (0)36424 573-0<br \/>Fax: +49 (0)36424 576-29<br \/>E-Mail nti@nti.de<br \/>http:\/\/www.nti.de<\/p>\t\t\t\t\t<\/div>\n\t\t\t\t\t\t<\/div>\n\t\t\t\t<\/div>\n\t\t\t\t<div class=\"elementor-element elementor-element-b4dcf16 elementor-widget elementor-widget-text-editor\" data-id=\"b4dcf16\" data-element_type=\"widget\" data-widget_type=\"text-editor.default\">\n\t\t\t\t<div class=\"elementor-widget-container\">\n\t\t\t\t\t\t\t\t<div class=\"elementor-text-editor elementor-clearfix\">\n\t\t\t\t<p><a href=\"https:\/\/www.nti.de\/dental\/de\/shop\/Labor\/Sortimente_Labor\/?card=32273\" target=\"_blank\" rel=\"noopener\">Mehr Informationen\/Kaufen<\/a><\/p>\t\t\t\t\t<\/div>\n\t\t\t\t\t\t<\/div>\n\t\t\t\t<\/div>\n\t\t\t\t\t\t<\/div>\n\t\t\t\t\t<\/div>\n\t\t<\/div>\n\t\t\t\t<div class=\"elementor-column elementor-col-50 elementor-top-column elementor-element elementor-element-5ba9990\" data-id=\"5ba9990\" data-element_type=\"column\" data-settings=\"{&quot;background_background&quot;:&quot;classic&quot;}\">\n\t\t\t<div class=\"elementor-column-wrap elementor-element-populated\">\n\t\t\t\t\t\t\t<div class=\"elementor-widget-wrap\">\n\t\t\t\t\t\t<div class=\"elementor-element elementor-element-f49404e elementor--h-position-center elementor--v-position-middle elementor-arrows-position-inside elementor-pagination-position-inside elementor-widget elementor-widget-slides\" data-id=\"f49404e\" data-element_type=\"widget\" data-settings=\"{&quot;navigation&quot;:&quot;both&quot;,&quot;autoplay&quot;:&quot;yes&quot;,&quot;pause_on_hover&quot;:&quot;yes&quot;,&quot;pause_on_interaction&quot;:&quot;yes&quot;,&quot;autoplay_speed&quot;:5000,&quot;infinite&quot;:&quot;yes&quot;,&quot;transition&quot;:&quot;slide&quot;,&quot;transition_speed&quot;:500}\" data-widget_type=\"slides.default\">\n\t\t\t\t<div class=\"elementor-widget-container\">\n\t\t\t\t\t<div class=\"elementor-swiper\">\n\t\t\t<div class=\"elementor-slides-wrapper elementor-main-swiper swiper-container\" dir=\"ltr\" data-animation=\"fadeInUp\">\n\t\t\t\t<div class=\"swiper-wrapper elementor-slides\">\n\t\t\t\t\t\t\t\t\t\t<div class=\"elementor-repeater-item-8ce7c21 swiper-slide\"><div class=\"swiper-slide-bg elementor-ken-burns elementor-ken-burns--in\"><\/div><div class=\"swiper-slide-inner\" ><div class=\"swiper-slide-contents\"><\/div><\/div><\/div>\t\t\t\t<\/div>\n\t\t\t\t\t\t\t<\/div>\n\t\t<\/div>\n\t\t\t\t<\/div>\n\t\t\t\t<\/div>\n\t\t\t\t\t\t<\/div>\n\t\t\t\t\t<\/div>\n\t\t<\/div>\n\t\t\t\t\t\t\t\t<\/div>\n\t\t\t\t\t<\/div>\n\t\t<\/section>\n\t\t\t\t\t\t\t\t\t<\/div>\n\t\t\t<\/div>\n\t\t\t\t\t<\/div>\n\t\t","protected":false},"excerpt":{"rendered":"<p>Schleifset EXCALIDIBUR Schleifset-Turbine zur Oberfl\u00e4chenbearbeitung von Lithiumdisilikat Schleifset Turbine zur Oberfl\u00e4chenbeaerbeitung von Lithiumdisilikat Vollkeramk in Perfektion (PDF) Erh\u00e4ltlich bei: NTI \u2013 Kahla Im Camisch 3 07768 Kahla Phone: +49 (0)36424 573-0 Fax: +49 (0)36424 576-29 E-Mail nti@nti.de http:\/\/www.nti.de Mehr Informationen\/Kaufen<\/p>\n","protected":false},"author":1,"featured_media":0,"parent":500,"menu_order":0,"comment_status":"closed","ping_status":"closed","template":"","meta":[],"yoast_head":"<!-- This site is optimized with the Yoast SEO plugin v18.5.1 - https:\/\/yoast.com\/wordpress\/plugins\/seo\/ -->\n<title>File set excalidibur - Innovative Dentaldesign Oliver Brix<\/title>\n<meta name=\"robots\" content=\"index, follow, max-snippet:-1, max-image-preview:large, max-video-preview:-1\" \/>\n<link rel=\"canonical\" href=\"https:\/\/idd-oliver-brix.de\/en\/specialist-audiences\/file-set-excalidibur\/\" \/>\n<meta property=\"og:locale\" content=\"de_DE\" \/>\n<meta property=\"og:type\" content=\"article\" \/>\n<meta property=\"og:title\" content=\"File set excalidibur - Innovative Dentaldesign Oliver Brix\" \/>\n<meta property=\"og:description\" content=\"Schleifset EXCALIDIBUR Schleifset-Turbine zur Oberfl\u00e4chenbearbeitung von Lithiumdisilikat Schleifset Turbine zur Oberfl\u00e4chenbeaerbeitung von Lithiumdisilikat Vollkeramk in Perfektion (PDF) Erh\u00e4ltlich bei: NTI \u2013 Kahla Im Camisch 3 07768 Kahla Phone: +49 (0)36424 573-0 Fax: +49 (0)36424 576-29 E-Mail nti@nti.de http:\/\/www.nti.de Mehr Informationen\/Kaufen\" \/>\n<meta property=\"og:url\" content=\"https:\/\/idd-oliver-brix.de\/en\/specialist-audiences\/file-set-excalidibur\/\" \/>\n<meta property=\"og:site_name\" content=\"Innovative Dentaldesign Oliver Brix\" \/>\n<meta property=\"article:modified_time\" content=\"2020-06-04T06:11:46+00:00\" \/>\n<meta name=\"twitter:card\" content=\"summary_large_image\" \/>\n<script type=\"application\/ld+json\" class=\"yoast-schema-graph\">{\"@context\":\"https:\/\/schema.org\",\"@graph\":[{\"@type\":\"WebSite\",\"@id\":\"https:\/\/idd-oliver-brix.de\/en\/#website\",\"url\":\"https:\/\/idd-oliver-brix.de\/en\/\",\"name\":\"Innovative Dentaldesign Oliver Brix\",\"description\":\"Von der Kunst, die Natur nachzuahmen\",\"potentialAction\":[{\"@type\":\"SearchAction\",\"target\":{\"@type\":\"EntryPoint\",\"urlTemplate\":\"https:\/\/idd-oliver-brix.de\/en\/?s={search_term_string}\"},\"query-input\":\"required name=search_term_string\"}],\"inLanguage\":\"de\"},{\"@type\":\"WebPage\",\"@id\":\"https:\/\/idd-oliver-brix.de\/en\/specialist-audiences\/file-set-excalidibur\/#webpage\",\"url\":\"https:\/\/idd-oliver-brix.de\/en\/specialist-audiences\/file-set-excalidibur\/\",\"name\":\"File set excalidibur - Innovative Dentaldesign Oliver Brix\",\"isPartOf\":{\"@id\":\"https:\/\/idd-oliver-brix.de\/en\/#website\"},\"datePublished\":\"2020-05-12T14:58:54+00:00\",\"dateModified\":\"2020-06-04T06:11:46+00:00\",\"breadcrumb\":{\"@id\":\"https:\/\/idd-oliver-brix.de\/en\/specialist-audiences\/file-set-excalidibur\/#breadcrumb\"},\"inLanguage\":\"de\",\"potentialAction\":[{\"@type\":\"ReadAction\",\"target\":[\"https:\/\/idd-oliver-brix.de\/en\/specialist-audiences\/file-set-excalidibur\/\"]}]},{\"@type\":\"BreadcrumbList\",\"@id\":\"https:\/\/idd-oliver-brix.de\/en\/specialist-audiences\/file-set-excalidibur\/#breadcrumb\",\"itemListElement\":[{\"@type\":\"ListItem\",\"position\":1,\"name\":\"Startseite\",\"item\":\"https:\/\/idd-oliver-brix.de\/en\/\"},{\"@type\":\"ListItem\",\"position\":2,\"name\":\"Specialist Audiences\",\"item\":\"https:\/\/idd-oliver-brix.de\/en\/specialist-audiences\/\"},{\"@type\":\"ListItem\",\"position\":3,\"name\":\"File set excalidibur\"}]}]}<\/script>\n<!-- \/ Yoast SEO plugin. -->","yoast_head_json":{"title":"File set excalidibur - Innovative Dentaldesign Oliver Brix","robots":{"index":"index","follow":"follow","max-snippet":"max-snippet:-1","max-image-preview":"max-image-preview:large","max-video-preview":"max-video-preview:-1"},"canonical":"https:\/\/idd-oliver-brix.de\/en\/specialist-audiences\/file-set-excalidibur\/","og_locale":"de_DE","og_type":"article","og_title":"File set excalidibur - Innovative Dentaldesign Oliver Brix","og_description":"Schleifset EXCALIDIBUR Schleifset-Turbine zur Oberfl\u00e4chenbearbeitung von Lithiumdisilikat Schleifset Turbine zur Oberfl\u00e4chenbeaerbeitung von Lithiumdisilikat Vollkeramk in Perfektion (PDF) Erh\u00e4ltlich bei: NTI \u2013 Kahla Im Camisch 3 07768 Kahla Phone: +49 (0)36424 573-0 Fax: +49 (0)36424 576-29 E-Mail nti@nti.de http:\/\/www.nti.de Mehr Informationen\/Kaufen","og_url":"https:\/\/idd-oliver-brix.de\/en\/specialist-audiences\/file-set-excalidibur\/","og_site_name":"Innovative Dentaldesign Oliver Brix","article_modified_time":"2020-06-04T06:11:46+00:00","twitter_card":"summary_large_image","schema":{"@context":"https:\/\/schema.org","@graph":[{"@type":"WebSite","@id":"https:\/\/idd-oliver-brix.de\/en\/#website","url":"https:\/\/idd-oliver-brix.de\/en\/","name":"Innovative Dentaldesign Oliver Brix","description":"Von der Kunst, die Natur nachzuahmen","potentialAction":[{"@type":"SearchAction","target":{"@type":"EntryPoint","urlTemplate":"https:\/\/idd-oliver-brix.de\/en\/?s={search_term_string}"},"query-input":"required name=search_term_string"}],"inLanguage":"de"},{"@type":"WebPage","@id":"https:\/\/idd-oliver-brix.de\/en\/specialist-audiences\/file-set-excalidibur\/#webpage","url":"https:\/\/idd-oliver-brix.de\/en\/specialist-audiences\/file-set-excalidibur\/","name":"File set excalidibur - Innovative Dentaldesign Oliver Brix","isPartOf":{"@id":"https:\/\/idd-oliver-brix.de\/en\/#website"},"datePublished":"2020-05-12T14:58:54+00:00","dateModified":"2020-06-04T06:11:46+00:00","breadcrumb":{"@id":"https:\/\/idd-oliver-brix.de\/en\/specialist-audiences\/file-set-excalidibur\/#breadcrumb"},"inLanguage":"de","potentialAction":[{"@type":"ReadAction","target":["https:\/\/idd-oliver-brix.de\/en\/specialist-audiences\/file-set-excalidibur\/"]}]},{"@type":"BreadcrumbList","@id":"https:\/\/idd-oliver-brix.de\/en\/specialist-audiences\/file-set-excalidibur\/#breadcrumb","itemListElement":[{"@type":"ListItem","position":1,"name":"Startseite","item":"https:\/\/idd-oliver-brix.de\/en\/"},{"@type":"ListItem","position":2,"name":"Specialist Audiences","item":"https:\/\/idd-oliver-brix.de\/en\/specialist-audiences\/"},{"@type":"ListItem","position":3,"name":"File set excalidibur"}]}]}},"_links":{"self":[{"href":"https:\/\/idd-oliver-brix.de\/en\/wp-json\/wp\/v2\/pages\/865"}],"collection":[{"href":"https:\/\/idd-oliver-brix.de\/en\/wp-json\/wp\/v2\/pages"}],"about":[{"href":"https:\/\/idd-oliver-brix.de\/en\/wp-json\/wp\/v2\/types\/page"}],"author":[{"embeddable":true,"href":"https:\/\/idd-oliver-brix.de\/en\/wp-json\/wp\/v2\/users\/1"}],"replies":[{"embeddable":true,"href":"https:\/\/idd-oliver-brix.de\/en\/wp-json\/wp\/v2\/comments?post=865"}],"version-history":[{"count":6,"href":"https:\/\/idd-oliver-brix.de\/en\/wp-json\/wp\/v2\/pages\/865\/revisions"}],"predecessor-version":[{"id":940,"href":"https:\/\/idd-oliver-brix.de\/en\/wp-json\/wp\/v2\/pages\/865\/revisions\/940"}],"up":[{"embeddable":true,"href":"https:\/\/idd-oliver-brix.de\/en\/wp-json\/wp\/v2\/pages\/500"}],"wp:attachment":[{"href":"https:\/\/idd-oliver-brix.de\/en\/wp-json\/wp\/v2\/media?parent=865"}],"curies":[{"name":"wp","href":"https:\/\/api.w.org\/{rel}","templated":true}]}}